{"id":330,"date":"2022-01-12T19:55:40","date_gmt":"2022-01-12T18:55:40","guid":{"rendered":"https:\/\/czill-lokum.pl\/?page_id=330"},"modified":"2025-07-16T22:37:44","modified_gmt":"2025-07-16T20:37:44","slug":"poznaj-czill-lokum","status":"publish","type":"page","link":"https:\/\/czill-lokum.pl\/","title":{"rendered":"Poznaj Czill Lokum"},"content":{"rendered":"\n<figure class=\"wp-block-image size-large\"><img decoding=\"async\" loading=\"lazy\" width=\"1024\" height=\"682\" src=\"https:\/\/czill-lokum.pl\/wp-content\/uploads\/2025\/05\/DI8A8302-1024x682.jpg\" alt=\"\" class=\"wp-image-1205\" srcset=\"https:\/\/czill-lokum.pl\/wp-content\/uploads\/2025\/05\/DI8A8302-1024x682.jpg 1024w, https:\/\/czill-lokum.pl\/wp-content\/uploads\/2025\/05\/DI8A8302-300x200.jpg 300w, https:\/\/czill-lokum.pl\/wp-content\/uploads\/2025\/05\/DI8A8302-768x512.jpg 768w, https:\/\/czill-lokum.pl\/wp-content\/uploads\/2025\/05\/DI8A8302-1536x1024.jpg 1536w, https:\/\/czill-lokum.pl\/wp-content\/uploads\/2025\/05\/DI8A8302-892x594.jpg 892w, https:\/\/czill-lokum.pl\/wp-content\/uploads\/2025\/05\/DI8A8302-150x100.jpg 150w, https:\/\/czill-lokum.pl\/wp-content\/uploads\/2025\/05\/DI8A8302.jpg 2000w\" sizes=\"(max-width: 1024px) 100vw, 1024px\" \/><\/figure>\n\n\n\n<div class=\"wp-block-columns is-layout-flex wp-container-8 wp-block-columns-is-layout-flex\">\n<div class=\"wp-block-column is-layout-flow wp-block-column-is-layout-flow\" style=\"flex-basis:100%\">\n<div class=\"wp-block-group is-layout-flow wp-block-group-is-layout-flow\"><div class=\"wp-block-group__inner-container\">\n<div class=\"wp-block-media-text alignwide is-stacked-on-mobile is-image-fill\" style=\"grid-template-columns:61% auto\"><figure class=\"wp-block-media-text__media\" style=\"background-image:url(http:\/\/czill-lokum.pl\/wp-content\/uploads\/2022\/01\/P1070535-HDR-1024x769.jpg);background-position:50% 50%\"><img decoding=\"async\" loading=\"lazy\" width=\"1024\" height=\"769\" src=\"http:\/\/czill-lokum.pl\/wp-content\/uploads\/2022\/01\/P1070535-HDR-1024x769.jpg\" alt=\"\" class=\"wp-image-443 size-full\" srcset=\"https:\/\/czill-lokum.pl\/wp-content\/uploads\/2022\/01\/P1070535-HDR-1024x769.jpg 1024w, https:\/\/czill-lokum.pl\/wp-content\/uploads\/2022\/01\/P1070535-HDR-300x225.jpg 300w, https:\/\/czill-lokum.pl\/wp-content\/uploads\/2022\/01\/P1070535-HDR-768x577.jpg 768w, https:\/\/czill-lokum.pl\/wp-content\/uploads\/2022\/01\/P1070535-HDR-892x670.jpg 892w, https:\/\/czill-lokum.pl\/wp-content\/uploads\/2022\/01\/P1070535-HDR.jpg 1365w\" sizes=\"(max-width: 1024px) 100vw, 1024px\" \/><\/figure><div class=\"wp-block-media-text__content\">\n<p><strong>Po\u0142o\u017cenie<\/strong>: \u017barn\u00f3wka ko\u0142o Makowa Podhala\u0144skiego, Beskid Makowski<\/p>\n\n\n\n<p><strong>Ob\u0142o\u017cenie domku<\/strong>: max 6 os\u00f3b doros\u0142ych<\/p>\n\n\n\n<p>Miejsca do spania:<\/p>\n\n\n\n<ul>\n<li>1 sypialnia z \u0142\u00f3\u017ckiem dwuosobowym<\/li>\n<\/ul>\n\n\n\n<ul>\n<li>kanapa z funkcj\u0105 spania dla dw\u00f3ch os\u00f3b,<\/li>\n<\/ul>\n\n\n\n<ul>\n<li>dost\u0119p do poddasza (2 x \u0142\u00f3\u017cko pojedyncze, lub 1 x \u0142\u00f3\u017cko podw\u00f3jne)<\/li>\n<\/ul>\n<\/div><\/div>\n\n\n\n<div style=\"height:10px\" aria-hidden=\"true\" class=\"wp-block-spacer\"><\/div>\n\n\n\n<figure class=\"wp-block-gallery has-nested-images columns-default is-cropped wp-block-gallery-1 is-layout-flex wp-block-gallery-is-layout-flex\">\n<figure class=\"wp-block-image size-large\"><img decoding=\"async\" loading=\"lazy\" width=\"1024\" height=\"769\" src=\"https:\/\/czill-lokum.pl\/wp-content\/uploads\/2022\/01\/P1070538-HDR-2-1024x769.jpg\" alt=\"\" class=\"wp-image-463\" srcset=\"https:\/\/czill-lokum.pl\/wp-content\/uploads\/2022\/01\/P1070538-HDR-2-1024x769.jpg 1024w, https:\/\/czill-lokum.pl\/wp-content\/uploads\/2022\/01\/P1070538-HDR-2-300x225.jpg 300w, https:\/\/czill-lokum.pl\/wp-content\/uploads\/2022\/01\/P1070538-HDR-2-768x577.jpg 768w, https:\/\/czill-lokum.pl\/wp-content\/uploads\/2022\/01\/P1070538-HDR-2-892x670.jpg 892w, https:\/\/czill-lokum.pl\/wp-content\/uploads\/2022\/01\/P1070538-HDR-2.jpg 1365w\" sizes=\"(max-width: 1024px) 100vw, 1024px\" \/><\/figure>\n\n\n\n<figure class=\"wp-block-image size-large\"><img decoding=\"async\" loading=\"lazy\" width=\"1024\" height=\"769\" src=\"https:\/\/czill-lokum.pl\/wp-content\/uploads\/2022\/02\/P1070581-HDR-1024x769.jpg\" alt=\"\" class=\"wp-image-550\" srcset=\"https:\/\/czill-lokum.pl\/wp-content\/uploads\/2022\/02\/P1070581-HDR-1024x769.jpg 1024w, https:\/\/czill-lokum.pl\/wp-content\/uploads\/2022\/02\/P1070581-HDR-300x225.jpg 300w, https:\/\/czill-lokum.pl\/wp-content\/uploads\/2022\/02\/P1070581-HDR-768x577.jpg 768w, https:\/\/czill-lokum.pl\/wp-content\/uploads\/2022\/02\/P1070581-HDR-1536x1153.jpg 1536w, https:\/\/czill-lokum.pl\/wp-content\/uploads\/2022\/02\/P1070581-HDR-2048x1538.jpg 2048w, https:\/\/czill-lokum.pl\/wp-content\/uploads\/2022\/02\/P1070581-HDR-892x670.jpg 892w\" sizes=\"(max-width: 1024px) 100vw, 1024px\" \/><\/figure>\n<\/figure>\n\n\n\n<div style=\"height:10px\" aria-hidden=\"true\" class=\"wp-block-spacer\"><\/div>\n\n\n\n<div class=\"wp-block-media-text alignwide has-media-on-the-right is-stacked-on-mobile is-vertically-aligned-center is-image-fill\" style=\"grid-template-columns:auto 54%\"><div class=\"wp-block-media-text__content\">\n<p><strong>Udogodnienia<\/strong>:<\/p>\n\n\n\n<ul class=\"has-normal-font-size\">\n<li>w pe\u0142ni wyposa\u017cona kuchnia (lod\u00f3wka, zmywarka, kuchenka mikrofalowa, p\u0142yta indukcyjna, ekspres ci\u015bnieniowy do kawy, czajnik, akcesoria do gotowania, garnki, zastawa)<\/li>\n<\/ul>\n\n\n\n<ul>\n<li>klimatyzacja,<\/li>\n\n\n\n<li>kominek elektryczny \u2013 ma\u0142o obs\u0142ugi, du\u017co klimatu \ud83d\ude42<\/li>\n\n\n\n<li>telewizja (cyfrowy Polsat)<\/li>\n\n\n\n<li>WiFI nadaj\u0105ce si\u0119 do pracy zdalnej<\/li>\n\n\n\n<li>suszarka do w\u0142os\u00f3w<\/li>\n\n\n\n<li>Komplet po\u015bcieli i r\u0119cznik\u00f3w dla ka\u017cdego Go\u015bcia<\/li>\n<\/ul>\n\n\n\n<p><\/p>\n<\/div><figure class=\"wp-block-media-text__media\" style=\"background-image:url(http:\/\/czill-lokum.pl\/wp-content\/uploads\/2022\/01\/P1070628-683x1024.jpg);background-position:50% 50%\"><img decoding=\"async\" loading=\"lazy\" width=\"683\" height=\"1024\" src=\"http:\/\/czill-lokum.pl\/wp-content\/uploads\/2022\/01\/P1070628-683x1024.jpg\" alt=\"\" class=\"wp-image-418 size-full\" srcset=\"https:\/\/czill-lokum.pl\/wp-content\/uploads\/2022\/01\/P1070628-683x1024.jpg 683w, https:\/\/czill-lokum.pl\/wp-content\/uploads\/2022\/01\/P1070628-200x300.jpg 200w, https:\/\/czill-lokum.pl\/wp-content\/uploads\/2022\/01\/P1070628-scaled.jpg 1708w\" sizes=\"(max-width: 683px) 100vw, 683px\" \/><\/figure><\/div>\n\n\n\n<div style=\"height:10px\" aria-hidden=\"true\" class=\"wp-block-spacer\"><\/div>\n\n\n\n<div class=\"wp-block-group is-layout-flow wp-block-group-is-layout-flow\"><div class=\"wp-block-group__inner-container\">\n<figure class=\"wp-block-gallery has-nested-images columns-default is-cropped wp-block-gallery-3 is-layout-flex wp-block-gallery-is-layout-flex\">\n<figure class=\"wp-block-image size-large\"><img decoding=\"async\" loading=\"lazy\" width=\"1024\" height=\"594\" src=\"https:\/\/czill-lokum.pl\/wp-content\/uploads\/2022\/01\/P1070585-Pano-1-1024x594.jpg\" alt=\"\" class=\"wp-image-448\" srcset=\"https:\/\/czill-lokum.pl\/wp-content\/uploads\/2022\/01\/P1070585-Pano-1-1024x594.jpg 1024w, https:\/\/czill-lokum.pl\/wp-content\/uploads\/2022\/01\/P1070585-Pano-1-300x174.jpg 300w, https:\/\/czill-lokum.pl\/wp-content\/uploads\/2022\/01\/P1070585-Pano-1-768x446.jpg 768w, https:\/\/czill-lokum.pl\/wp-content\/uploads\/2022\/01\/P1070585-Pano-1-1536x891.jpg 1536w, https:\/\/czill-lokum.pl\/wp-content\/uploads\/2022\/01\/P1070585-Pano-1-892x518.jpg 892w, https:\/\/czill-lokum.pl\/wp-content\/uploads\/2022\/01\/P1070585-Pano-1.jpg 1553w\" sizes=\"(max-width: 1024px) 100vw, 1024px\" \/><\/figure>\n<\/figure>\n<\/div><\/div>\n<\/div><\/div>\n\n\n\n<div style=\"height:10px\" aria-hidden=\"true\" class=\"wp-block-spacer\"><\/div>\n\n\n\n<div class=\"wp-block-media-text alignwide has-media-on-the-right is-stacked-on-mobile is-vertically-aligned-center is-image-fill\" style=\"grid-template-columns:auto 46%\"><div class=\"wp-block-media-text__content\">\n<ul>\n<li>Plac zabaw<\/li>\n<\/ul>\n\n\n\n<ul>\n<li>mo\u017cliwo\u015b\u0107 rezerwacji sauny ogrodowej<\/li>\n\n\n\n<li>fi\u0144ska<strong> <\/strong>balia z elektrycznym podgrzewaniem \u2013 dost\u0119pna za dodatkow\u0105 op\u0142at\u0105<\/li>\n<\/ul>\n\n\n\n<ul>\n<li>du\u017cy taras, cz\u0119\u015bciowo zadaszony<\/li>\n<\/ul>\n\n\n\n<p><\/p>\n<\/div><figure class=\"wp-block-media-text__media\" style=\"background-image:url(http:\/\/czill-lokum.pl\/wp-content\/uploads\/2022\/05\/image00001-768x1024.jpeg);background-position:50% 50%\"><img decoding=\"async\" loading=\"lazy\" width=\"768\" height=\"1024\" src=\"http:\/\/czill-lokum.pl\/wp-content\/uploads\/2022\/05\/image00001-768x1024.jpeg\" alt=\"\" class=\"wp-image-651 size-full\" srcset=\"https:\/\/czill-lokum.pl\/wp-content\/uploads\/2022\/05\/image00001-768x1024.jpeg 768w, https:\/\/czill-lokum.pl\/wp-content\/uploads\/2022\/05\/image00001-225x300.jpeg 225w, https:\/\/czill-lokum.pl\/wp-content\/uploads\/2022\/05\/image00001-1152x1536.jpeg 1152w, https:\/\/czill-lokum.pl\/wp-content\/uploads\/2022\/05\/image00001-1536x2048.jpeg 1536w, https:\/\/czill-lokum.pl\/wp-content\/uploads\/2022\/05\/image00001-892x1189.jpeg 892w, https:\/\/czill-lokum.pl\/wp-content\/uploads\/2022\/05\/image00001-scaled.jpeg 1920w\" sizes=\"(max-width: 768px) 100vw, 768px\" \/><\/figure><\/div>\n\n\n\n<div style=\"height:10px\" aria-hidden=\"true\" class=\"wp-block-spacer\"><\/div>\n\n\n\n<figure class=\"wp-block-image size-large\"><img decoding=\"async\" loading=\"lazy\" width=\"1024\" height=\"683\" src=\"http:\/\/czill-lokum.pl\/wp-content\/uploads\/2022\/09\/Czill-27-1024x683.jpg\" alt=\"\" class=\"wp-image-790\" srcset=\"https:\/\/czill-lokum.pl\/wp-content\/uploads\/2022\/09\/Czill-27-1024x683.jpg 1024w, https:\/\/czill-lokum.pl\/wp-content\/uploads\/2022\/09\/Czill-27-300x200.jpg 300w, https:\/\/czill-lokum.pl\/wp-content\/uploads\/2022\/09\/Czill-27-768x512.jpg 768w, https:\/\/czill-lokum.pl\/wp-content\/uploads\/2022\/09\/Czill-27-1536x1024.jpg 1536w, https:\/\/czill-lokum.pl\/wp-content\/uploads\/2022\/09\/Czill-27-2048x1365.jpg 2048w, https:\/\/czill-lokum.pl\/wp-content\/uploads\/2022\/09\/Czill-27-892x594.jpg 892w, https:\/\/czill-lokum.pl\/wp-content\/uploads\/2022\/09\/Czill-27-150x100.jpg 150w\" sizes=\"(max-width: 1024px) 100vw, 1024px\" \/><\/figure>\n\n\n\n<figure class=\"wp-block-image size-large\"><img decoding=\"async\" loading=\"lazy\" width=\"1024\" height=\"769\" src=\"https:\/\/czill-lokum.pl\/wp-content\/uploads\/2022\/09\/P1110089-HDR-1024x769.jpg\" alt=\"\" class=\"wp-image-802\" srcset=\"https:\/\/czill-lokum.pl\/wp-content\/uploads\/2022\/09\/P1110089-HDR-1024x769.jpg 1024w, https:\/\/czill-lokum.pl\/wp-content\/uploads\/2022\/09\/P1110089-HDR-300x225.jpg 300w, https:\/\/czill-lokum.pl\/wp-content\/uploads\/2022\/09\/P1110089-HDR-768x577.jpg 768w, https:\/\/czill-lokum.pl\/wp-content\/uploads\/2022\/09\/P1110089-HDR-1536x1153.jpg 1536w, https:\/\/czill-lokum.pl\/wp-content\/uploads\/2022\/09\/P1110089-HDR-2048x1538.jpg 2048w, https:\/\/czill-lokum.pl\/wp-content\/uploads\/2022\/09\/P1110089-HDR-892x670.jpg 892w\" sizes=\"(max-width: 1024px) 100vw, 1024px\" \/><\/figure>\n<\/div>\n<\/div>\n\n\n\n<div class=\"wp-block-group is-layout-flow wp-block-group-is-layout-flow\"><div class=\"wp-block-group__inner-container\">\n<div class=\"wp-block-group is-layout-flow wp-block-group-is-layout-flow\"><div class=\"wp-block-group__inner-container\">\n<div class=\"wp-block-group is-layout-flow wp-block-group-is-layout-flow\"><div class=\"wp-block-group__inner-container\">\n<div class=\"wp-block-group is-layout-flow wp-block-group-is-layout-flow\"><div class=\"wp-block-group__inner-container\">\n<figure class=\"wp-block-gallery has-nested-images columns-default is-cropped wp-block-gallery-9 is-layout-flex wp-block-gallery-is-layout-flex\">\n<figure class=\"wp-block-image size-large\"><img decoding=\"async\" loading=\"lazy\" width=\"1024\" height=\"683\" src=\"https:\/\/czill-lokum.pl\/wp-content\/uploads\/2022\/09\/Czill-8-1024x683.jpg\" alt=\"\" class=\"wp-image-792\" srcset=\"https:\/\/czill-lokum.pl\/wp-content\/uploads\/2022\/09\/Czill-8-1024x683.jpg 1024w, https:\/\/czill-lokum.pl\/wp-content\/uploads\/2022\/09\/Czill-8-300x200.jpg 300w, https:\/\/czill-lokum.pl\/wp-content\/uploads\/2022\/09\/Czill-8-768x512.jpg 768w, https:\/\/czill-lokum.pl\/wp-content\/uploads\/2022\/09\/Czill-8-1536x1024.jpg 1536w, https:\/\/czill-lokum.pl\/wp-content\/uploads\/2022\/09\/Czill-8-2048x1365.jpg 2048w, https:\/\/czill-lokum.pl\/wp-content\/uploads\/2022\/09\/Czill-8-892x594.jpg 892w, https:\/\/czill-lokum.pl\/wp-content\/uploads\/2022\/09\/Czill-8-150x100.jpg 150w\" sizes=\"(max-width: 1024px) 100vw, 1024px\" \/><\/figure>\n\n\n\n<figure class=\"wp-block-image size-large\"><img decoding=\"async\" loading=\"lazy\" width=\"768\" height=\"1024\" src=\"https:\/\/czill-lokum.pl\/wp-content\/uploads\/2022\/09\/IMG_4105-768x1024.jpg\" alt=\"\" class=\"wp-image-801\" srcset=\"https:\/\/czill-lokum.pl\/wp-content\/uploads\/2022\/09\/IMG_4105-768x1024.jpg 768w, https:\/\/czill-lokum.pl\/wp-content\/uploads\/2022\/09\/IMG_4105-225x300.jpg 225w, https:\/\/czill-lokum.pl\/wp-content\/uploads\/2022\/09\/IMG_4105-1152x1536.jpg 1152w, https:\/\/czill-lokum.pl\/wp-content\/uploads\/2022\/09\/IMG_4105-1536x2048.jpg 1536w, https:\/\/czill-lokum.pl\/wp-content\/uploads\/2022\/09\/IMG_4105-892x1189.jpg 892w, https:\/\/czill-lokum.pl\/wp-content\/uploads\/2022\/09\/IMG_4105-scaled.jpg 1920w\" sizes=\"(max-width: 768px) 100vw, 768px\" \/><\/figure>\n\n\n\n<figure class=\"wp-block-image size-large\"><img decoding=\"async\" loading=\"lazy\" width=\"768\" height=\"1024\" src=\"https:\/\/czill-lokum.pl\/wp-content\/uploads\/2022\/09\/IMG_4882-768x1024.jpg\" alt=\"\" class=\"wp-image-800\" srcset=\"https:\/\/czill-lokum.pl\/wp-content\/uploads\/2022\/09\/IMG_4882-768x1024.jpg 768w, https:\/\/czill-lokum.pl\/wp-content\/uploads\/2022\/09\/IMG_4882-225x300.jpg 225w, https:\/\/czill-lokum.pl\/wp-content\/uploads\/2022\/09\/IMG_4882-1152x1536.jpg 1152w, https:\/\/czill-lokum.pl\/wp-content\/uploads\/2022\/09\/IMG_4882-1536x2048.jpg 1536w, https:\/\/czill-lokum.pl\/wp-content\/uploads\/2022\/09\/IMG_4882-892x1189.jpg 892w, https:\/\/czill-lokum.pl\/wp-content\/uploads\/2022\/09\/IMG_4882-scaled.jpg 1920w\" sizes=\"(max-width: 768px) 100vw, 768px\" \/><\/figure>\n\n\n\n<figure class=\"wp-block-image size-large\"><img decoding=\"async\" loading=\"lazy\" width=\"1024\" height=\"683\" src=\"https:\/\/czill-lokum.pl\/wp-content\/uploads\/2022\/09\/Czill-25-1024x683.jpg\" alt=\"\" class=\"wp-image-794\" srcset=\"https:\/\/czill-lokum.pl\/wp-content\/uploads\/2022\/09\/Czill-25-1024x683.jpg 1024w, https:\/\/czill-lokum.pl\/wp-content\/uploads\/2022\/09\/Czill-25-300x200.jpg 300w, https:\/\/czill-lokum.pl\/wp-content\/uploads\/2022\/09\/Czill-25-768x512.jpg 768w, https:\/\/czill-lokum.pl\/wp-content\/uploads\/2022\/09\/Czill-25-1536x1024.jpg 1536w, https:\/\/czill-lokum.pl\/wp-content\/uploads\/2022\/09\/Czill-25-2048x1365.jpg 2048w, https:\/\/czill-lokum.pl\/wp-content\/uploads\/2022\/09\/Czill-25-892x594.jpg 892w, https:\/\/czill-lokum.pl\/wp-content\/uploads\/2022\/09\/Czill-25-150x100.jpg 150w\" sizes=\"(max-width: 1024px) 100vw, 1024px\" \/><\/figure>\n\n\n\n<figure class=\"wp-block-image size-large\"><img decoding=\"async\" loading=\"lazy\" width=\"1024\" height=\"683\" src=\"https:\/\/czill-lokum.pl\/wp-content\/uploads\/2022\/09\/Czill-24-1024x683.jpg\" alt=\"\" class=\"wp-image-795\" srcset=\"https:\/\/czill-lokum.pl\/wp-content\/uploads\/2022\/09\/Czill-24-1024x683.jpg 1024w, https:\/\/czill-lokum.pl\/wp-content\/uploads\/2022\/09\/Czill-24-300x200.jpg 300w, https:\/\/czill-lokum.pl\/wp-content\/uploads\/2022\/09\/Czill-24-768x512.jpg 768w, https:\/\/czill-lokum.pl\/wp-content\/uploads\/2022\/09\/Czill-24-1536x1024.jpg 1536w, https:\/\/czill-lokum.pl\/wp-content\/uploads\/2022\/09\/Czill-24-2048x1365.jpg 2048w, https:\/\/czill-lokum.pl\/wp-content\/uploads\/2022\/09\/Czill-24-892x594.jpg 892w, https:\/\/czill-lokum.pl\/wp-content\/uploads\/2022\/09\/Czill-24-150x100.jpg 150w\" sizes=\"(max-width: 1024px) 100vw, 1024px\" \/><\/figure>\n<\/figure>\n<\/div><\/div>\n<\/div><\/div>\n<\/div><\/div>\n<\/div><\/div>\n\n\n\n<figure class=\"wp-block-gallery has-nested-images columns-default is-cropped wp-block-gallery-15 is-layout-flex wp-block-gallery-is-layout-flex\">\n<figure class=\"wp-block-image size-large\"><img decoding=\"async\" loading=\"lazy\" width=\"1024\" height=\"768\" data-id=\"647\" src=\"https:\/\/czill-lokum.pl\/wp-content\/uploads\/2022\/05\/image00018-1024x768.jpeg\" alt=\"\" class=\"wp-image-647\" srcset=\"https:\/\/czill-lokum.pl\/wp-content\/uploads\/2022\/05\/image00018-1024x768.jpeg 1024w, https:\/\/czill-lokum.pl\/wp-content\/uploads\/2022\/05\/image00018-300x225.jpeg 300w, https:\/\/czill-lokum.pl\/wp-content\/uploads\/2022\/05\/image00018-768x576.jpeg 768w, https:\/\/czill-lokum.pl\/wp-content\/uploads\/2022\/05\/image00018-1536x1152.jpeg 1536w, https:\/\/czill-lokum.pl\/wp-content\/uploads\/2022\/05\/image00018-2048x1536.jpeg 2048w, https:\/\/czill-lokum.pl\/wp-content\/uploads\/2022\/05\/image00018-892x669.jpeg 892w\" sizes=\"(max-width: 1024px) 100vw, 1024px\" \/><\/figure>\n\n\n\n<figure class=\"wp-block-image size-large\"><img decoding=\"async\" loading=\"lazy\" width=\"768\" height=\"1024\" data-id=\"645\" src=\"https:\/\/czill-lokum.pl\/wp-content\/uploads\/2022\/05\/image00021-768x1024.jpeg\" alt=\"\" class=\"wp-image-645\" srcset=\"https:\/\/czill-lokum.pl\/wp-content\/uploads\/2022\/05\/image00021-768x1024.jpeg 768w, https:\/\/czill-lokum.pl\/wp-content\/uploads\/2022\/05\/image00021-225x300.jpeg 225w, https:\/\/czill-lokum.pl\/wp-content\/uploads\/2022\/05\/image00021-1152x1536.jpeg 1152w, https:\/\/czill-lokum.pl\/wp-content\/uploads\/2022\/05\/image00021-1536x2048.jpeg 1536w, https:\/\/czill-lokum.pl\/wp-content\/uploads\/2022\/05\/image00021-892x1189.jpeg 892w, https:\/\/czill-lokum.pl\/wp-content\/uploads\/2022\/05\/image00021-scaled.jpeg 1920w\" sizes=\"(max-width: 768px) 100vw, 768px\" \/><\/figure>\n\n\n\n<figure class=\"wp-block-image size-large\"><img decoding=\"async\" loading=\"lazy\" width=\"1024\" height=\"683\" data-id=\"798\" src=\"https:\/\/czill-lokum.pl\/wp-content\/uploads\/2022\/09\/P1070513-1024x683.jpg\" alt=\"\" class=\"wp-image-798\" srcset=\"https:\/\/czill-lokum.pl\/wp-content\/uploads\/2022\/09\/P1070513-1024x683.jpg 1024w, https:\/\/czill-lokum.pl\/wp-content\/uploads\/2022\/09\/P1070513-300x200.jpg 300w, https:\/\/czill-lokum.pl\/wp-content\/uploads\/2022\/09\/P1070513-768x512.jpg 768w, https:\/\/czill-lokum.pl\/wp-content\/uploads\/2022\/09\/P1070513-1536x1025.jpg 1536w, https:\/\/czill-lokum.pl\/wp-content\/uploads\/2022\/09\/P1070513-2048x1367.jpg 2048w, https:\/\/czill-lokum.pl\/wp-content\/uploads\/2022\/09\/P1070513-892x594.jpg 892w, https:\/\/czill-lokum.pl\/wp-content\/uploads\/2022\/09\/P1070513-150x100.jpg 150w\" sizes=\"(max-width: 1024px) 100vw, 1024px\" \/><\/figure>\n<\/figure>\n\n\n\n<ul class=\"wp-block-social-links aligncenter is-layout-flex wp-block-social-links-is-layout-flex\"><li class=\"wp-social-link wp-social-link-facebook  wp-block-social-link\"><a href=\"https:\/\/www.facebook.com\/Czill.Lokum\/\" class=\"wp-block-social-link-anchor\"><svg width=\"24\" height=\"24\" viewBox=\"0 0 24 24\" version=\"1.1\" xmlns=\"http:\/\/www.w3.org\/2000\/svg\" aria-hidden=\"true\" focusable=\"false\"><path d=\"M12 2C6.5 2 2 6.5 2 12c0 5 3.7 9.1 8.4 9.9v-7H7.9V12h2.5V9.8c0-2.5 1.5-3.9 3.8-3.9 1.1 0 2.2.2 2.2.2v2.5h-1.3c-1.2 0-1.6.8-1.6 1.6V12h2.8l-.4 2.9h-2.3v7C18.3 21.1 22 17 22 12c0-5.5-4.5-10-10-10z\"><\/path><\/svg><span class=\"wp-block-social-link-label screen-reader-text\">Facebook<\/span><\/a><\/li>\n\n<li class=\"wp-social-link wp-social-link-instagram  wp-block-social-link\"><a href=\"https:\/\/www.instagram.com\/czilllokum\/\" class=\"wp-block-social-link-anchor\"><svg width=\"24\" height=\"24\" viewBox=\"0 0 24 24\" version=\"1.1\" xmlns=\"http:\/\/www.w3.org\/2000\/svg\" aria-hidden=\"true\" focusable=\"false\"><path d=\"M12,4.622c2.403,0,2.688,0.009,3.637,0.052c0.877,0.04,1.354,0.187,1.671,0.31c0.42,0.163,0.72,0.358,1.035,0.673 c0.315,0.315,0.51,0.615,0.673,1.035c0.123,0.317,0.27,0.794,0.31,1.671c0.043,0.949,0.052,1.234,0.052,3.637 s-0.009,2.688-0.052,3.637c-0.04,0.877-0.187,1.354-0.31,1.671c-0.163,0.42-0.358,0.72-0.673,1.035 c-0.315,0.315-0.615,0.51-1.035,0.673c-0.317,0.123-0.794,0.27-1.671,0.31c-0.949,0.043-1.233,0.052-3.637,0.052 s-2.688-0.009-3.637-0.052c-0.877-0.04-1.354-0.187-1.671-0.31c-0.42-0.163-0.72-0.358-1.035-0.673 c-0.315-0.315-0.51-0.615-0.673-1.035c-0.123-0.317-0.27-0.794-0.31-1.671C4.631,14.688,4.622,14.403,4.622,12 s0.009-2.688,0.052-3.637c0.04-0.877,0.187-1.354,0.31-1.671c0.163-0.42,0.358-0.72,0.673-1.035 c0.315-0.315,0.615-0.51,1.035-0.673c0.317-0.123,0.794-0.27,1.671-0.31C9.312,4.631,9.597,4.622,12,4.622 M12,3 C9.556,3,9.249,3.01,8.289,3.054C7.331,3.098,6.677,3.25,6.105,3.472C5.513,3.702,5.011,4.01,4.511,4.511 c-0.5,0.5-0.808,1.002-1.038,1.594C3.25,6.677,3.098,7.331,3.054,8.289C3.01,9.249,3,9.556,3,12c0,2.444,0.01,2.751,0.054,3.711 c0.044,0.958,0.196,1.612,0.418,2.185c0.23,0.592,0.538,1.094,1.038,1.594c0.5,0.5,1.002,0.808,1.594,1.038 c0.572,0.222,1.227,0.375,2.185,0.418C9.249,20.99,9.556,21,12,21s2.751-0.01,3.711-0.054c0.958-0.044,1.612-0.196,2.185-0.418 c0.592-0.23,1.094-0.538,1.594-1.038c0.5-0.5,0.808-1.002,1.038-1.594c0.222-0.572,0.375-1.227,0.418-2.185 C20.99,14.751,21,14.444,21,12s-0.01-2.751-0.054-3.711c-0.044-0.958-0.196-1.612-0.418-2.185c-0.23-0.592-0.538-1.094-1.038-1.594 c-0.5-0.5-1.002-0.808-1.594-1.038c-0.572-0.222-1.227-0.375-2.185-0.418C14.751,3.01,14.444,3,12,3L12,3z M12,7.378 c-2.552,0-4.622,2.069-4.622,4.622S9.448,16.622,12,16.622s4.622-2.069,4.622-4.622S14.552,7.378,12,7.378z M12,15 c-1.657,0-3-1.343-3-3s1.343-3,3-3s3,1.343,3,3S13.657,15,12,15z M16.804,6.116c-0.596,0-1.08,0.484-1.08,1.08 s0.484,1.08,1.08,1.08c0.596,0,1.08-0.484,1.08-1.08S17.401,6.116,16.804,6.116z\"><\/path><\/svg><span class=\"wp-block-social-link-label screen-reader-text\">Instagram<\/span><\/a><\/li><\/ul>\n\n\n\n<p><\/p>\n","protected":false},"excerpt":{"rendered":"<p>Po\u0142o\u017cenie: \u017barn\u00f3wka ko\u0142o Makowa Podhala\u0144skiego, Beskid Makowski Ob\u0142o\u017cenie domku: max 6 os\u00f3b doros\u0142ych Miejsca do spania: Udogodnienia:<\/p>\n","protected":false},"author":1,"featured_media":0,"parent":0,"menu_order":0,"comment_status":"closed","ping_status":"closed","template":"","meta":{"inline_featured_image":false,"footnotes":""},"aioseo_notices":[],"_links":{"self":[{"href":"https:\/\/czill-lokum.pl\/index.php?rest_route=\/wp\/v2\/pages\/330"}],"collection":[{"href":"https:\/\/czill-lokum.pl\/index.php?rest_route=\/wp\/v2\/pages"}],"about":[{"href":"https:\/\/czill-lokum.pl\/index.php?rest_route=\/wp\/v2\/types\/page"}],"author":[{"embeddable":true,"href":"https:\/\/czill-lokum.pl\/index.php?rest_route=\/wp\/v2\/users\/1"}],"replies":[{"embeddable":true,"href":"https:\/\/czill-lokum.pl\/index.php?rest_route=%2Fwp%2Fv2%2Fcomments&post=330"}],"version-history":[{"count":19,"href":"https:\/\/czill-lokum.pl\/index.php?rest_route=\/wp\/v2\/pages\/330\/revisions"}],"predecessor-version":[{"id":1211,"href":"https:\/\/czill-lokum.pl\/index.php?rest_route=\/wp\/v2\/pages\/330\/revisions\/1211"}],"wp:attachment":[{"href":"https:\/\/czill-lokum.pl\/index.php?rest_route=%2Fwp%2Fv2%2Fmedia&parent=330"}],"curies":[{"name":"wp","href":"https:\/\/api.w.org\/{rel}","templated":true}]}}