{"id":294,"date":"2022-01-11T22:44:46","date_gmt":"2022-01-11T21:44:46","guid":{"rendered":"http:\/\/czill-lokum.pl\/?page_id=294"},"modified":"2022-01-30T14:16:47","modified_gmt":"2022-01-30T13:16:47","slug":"strefa-relaksu","status":"publish","type":"page","link":"https:\/\/czill-lokum.pl\/?page_id=294","title":{"rendered":"Strefa relaksu"},"content":{"rendered":"\n<h4 class=\"wp-block-heading\">Oferujemy Pa\u0144stwu cudowny czas w naszej Strefie Relaksu Czill SPA.<\/h4>\n\n\n\n<p>Do dyspozycji oddajemy saun\u0119 ogrodow\u0105 po\u0142o\u017con\u0105 w oddalonej cz\u0119\u015bci ogrodu wraz z tarasem wypoczynkowym, prysznicem ogrodowym oraz le\u017cakami.<\/p>\n\n\n\n<figure class=\"wp-block-image size-full\"><img decoding=\"async\" loading=\"lazy\" width=\"1000\" height=\"1000\" src=\"http:\/\/czill-lokum.pl\/wp-content\/uploads\/2022\/01\/02.jpeg\" alt=\"\" class=\"wp-image-281\" srcset=\"https:\/\/czill-lokum.pl\/wp-content\/uploads\/2022\/01\/02.jpeg 1000w, https:\/\/czill-lokum.pl\/wp-content\/uploads\/2022\/01\/02-300x300.jpeg 300w, https:\/\/czill-lokum.pl\/wp-content\/uploads\/2022\/01\/02-150x150.jpeg 150w, https:\/\/czill-lokum.pl\/wp-content\/uploads\/2022\/01\/02-768x768.jpeg 768w, https:\/\/czill-lokum.pl\/wp-content\/uploads\/2022\/01\/02-892x892.jpeg 892w\" sizes=\"(max-width: 1000px) 100vw, 1000px\" \/><\/figure>\n\n\n\n<div class=\"wp-block-group is-layout-flow wp-block-group-is-layout-flow\"><div class=\"wp-block-group__inner-container\">\n<div class=\"wp-block-columns is-layout-flex wp-container-3 wp-block-columns-is-layout-flex\">\n<div class=\"wp-block-column is-layout-flow wp-block-column-is-layout-flow\" style=\"flex-basis:33.33%\">\n<h2 class=\"wp-block-heading\">Nasza oferta obejmuje:<\/h2>\n\n\n\n<ul><li>Sauna i strefa relaksu na wy\u0142\u0105czno\u015b\u0107,<\/li><li>Komplet r\u0119cznik\u00f3w saunowych,<\/li><li>Olejki zapachowe,<\/li><li>Pi\u0119kne widoki na okoliczne pag\u00f3rki i morze zieleni lub rozgwie\u017cd\u017cone niebo \ud83d\ude42<\/li><\/ul>\n\n\n\n<p>W przypadku zainteresowania, zapytaj nas o aktualn\u0105 ofert\u0119.<\/p>\n<\/div>\n\n\n\n<div class=\"wp-block-column is-layout-flow wp-block-column-is-layout-flow\" style=\"flex-basis:66.66%\">\n<figure class=\"wp-block-image size-medium is-resized\"><img decoding=\"async\" loading=\"lazy\" src=\"http:\/\/czill-lokum.pl\/wp-content\/uploads\/2022\/01\/IMG_8692-225x300.jpeg\" alt=\"\" class=\"wp-image-282\" width=\"298\" height=\"397\" srcset=\"https:\/\/czill-lokum.pl\/wp-content\/uploads\/2022\/01\/IMG_8692-225x300.jpeg 225w, https:\/\/czill-lokum.pl\/wp-content\/uploads\/2022\/01\/IMG_8692-768x1024.jpeg 768w, https:\/\/czill-lokum.pl\/wp-content\/uploads\/2022\/01\/IMG_8692-1152x1536.jpeg 1152w, https:\/\/czill-lokum.pl\/wp-content\/uploads\/2022\/01\/IMG_8692-892x1189.jpeg 892w, https:\/\/czill-lokum.pl\/wp-content\/uploads\/2022\/01\/IMG_8692.jpeg 1512w\" sizes=\"(max-width: 298px) 100vw, 298px\" \/><\/figure>\n<\/div>\n<\/div>\n<\/div><\/div>\n\n\n\n<p>Ch\u0119\u0107 skorzystania z sauny prosimy zg\u0142asza\u0107 przed przyjazdem. Pro\u015bby o udost\u0119pnienie zg\u0142aszane po przyje\u017adzie b\u0119d\u0105 rozpatrywane indywidualnie.<\/p>\n\n\n\n<figure class=\"wp-block-image size-large\"><img decoding=\"async\" loading=\"lazy\" width=\"1024\" height=\"768\" src=\"http:\/\/czill-lokum.pl\/wp-content\/uploads\/2022\/01\/IMG_9485-scaled-e1629916316520-1024x768.jpeg\" alt=\"\" class=\"wp-image-284\" srcset=\"https:\/\/czill-lokum.pl\/wp-content\/uploads\/2022\/01\/IMG_9485-scaled-e1629916316520-1024x768.jpeg 1024w, https:\/\/czill-lokum.pl\/wp-content\/uploads\/2022\/01\/IMG_9485-scaled-e1629916316520-300x225.jpeg 300w, https:\/\/czill-lokum.pl\/wp-content\/uploads\/2022\/01\/IMG_9485-scaled-e1629916316520-768x576.jpeg 768w, https:\/\/czill-lokum.pl\/wp-content\/uploads\/2022\/01\/IMG_9485-scaled-e1629916316520-1536x1152.jpeg 1536w, https:\/\/czill-lokum.pl\/wp-content\/uploads\/2022\/01\/IMG_9485-scaled-e1629916316520-2048x1536.jpeg 2048w, https:\/\/czill-lokum.pl\/wp-content\/uploads\/2022\/01\/IMG_9485-scaled-e1629916316520-892x669.jpeg 892w\" sizes=\"(max-width: 1024px) 100vw, 1024px\" \/><\/figure>\n","protected":false},"excerpt":{"rendered":"<p>Oferujemy Pa\u0144stwu cudowny czas w naszej Strefie Relaksu Czill SPA. Do dyspozycji oddajemy saun\u0119 ogrodow\u0105 po\u0142o\u017con\u0105 w oddalonej cz\u0119\u015bci ogrodu wraz z tarasem wypoczynkowym, prysznicem ogrodowym oraz le\u017cakami. Nasza oferta obejmuje: Sauna i strefa relaksu na wy\u0142\u0105czno\u015b\u0107, Komplet r\u0119cznik\u00f3w saunowych, Olejki zapachowe, Pi\u0119kne widoki na okoliczne pag\u00f3rki i morze zieleni lub rozgwie\u017cd\u017cone niebo \ud83d\ude42 W [&hellip;]<\/p>\n","protected":false},"author":1,"featured_media":0,"parent":0,"menu_order":0,"comment_status":"closed","ping_status":"closed","template":"","meta":{"inline_featured_image":false,"footnotes":""},"aioseo_notices":[],"_links":{"self":[{"href":"https:\/\/czill-lokum.pl\/index.php?rest_route=\/wp\/v2\/pages\/294"}],"collection":[{"href":"https:\/\/czill-lokum.pl\/index.php?rest_route=\/wp\/v2\/pages"}],"about":[{"href":"https:\/\/czill-lokum.pl\/index.php?rest_route=\/wp\/v2\/types\/page"}],"author":[{"embeddable":true,"href":"https:\/\/czill-lokum.pl\/index.php?rest_route=\/wp\/v2\/users\/1"}],"replies":[{"embeddable":true,"href":"https:\/\/czill-lokum.pl\/index.php?rest_route=%2Fwp%2Fv2%2Fcomments&post=294"}],"version-history":[{"count":5,"href":"https:\/\/czill-lokum.pl\/index.php?rest_route=\/wp\/v2\/pages\/294\/revisions"}],"predecessor-version":[{"id":502,"href":"https:\/\/czill-lokum.pl\/index.php?rest_route=\/wp\/v2\/pages\/294\/revisions\/502"}],"wp:attachment":[{"href":"https:\/\/czill-lokum.pl\/index.php?rest_route=%2Fwp%2Fv2%2Fmedia&parent=294"}],"curies":[{"name":"wp","href":"https:\/\/api.w.org\/{rel}","templated":true}]}}